{"id":889,"date":"2019-12-12T22:12:43","date_gmt":"2019-12-12T22:12:43","guid":{"rendered":"https:\/\/saludmovil.go.cr\/\/?page_id=889"},"modified":"2021-12-08T00:31:22","modified_gmt":"2021-12-08T00:31:22","slug":"sintomas","status":"publish","type":"page","link":"https:\/\/saludmovil.go.cr\/index.php\/sintomas\/","title":{"rendered":"S\u00edntomas al dejar de fumar"},"content":{"rendered":"\n<style>\n.co-page-banner-section{display:none!important;}\n.mySlides {display: none}\nimg {vertical-align: middle;}\n.slideshow-container {\n  max-width: 100%;\n  position: relative;\n  margin: auto;\nmargin-top:10%;\n}\n.prev, .next {\n  cursor: pointer;\n  position: absolute;\n  top: 105px;\n  width: auto;\n  padding: 16px;\n  margin-top: -22px;\n  color: white;\n  font-weight: bold;\n  font-size: 18px;\n  transition: 0.6s ease;\n  border-radius: 0 3px 3px 0;\n  user-select: none;\ndisplay:none;\n}\n.next {\n  right: 0;\n  border-radius: 3px 0 0 3px;\n}\n\/* On hover, add a black background color with a little bit see-through *\/\n.prev:hover, .next:hover {\n  background-color: rgba(0,0,0,0.8);\n}\n\/* Caption text *\/\n.text {\n  color: #f2f2f2;\n  font-size: 15px;\n  padding: 8px 12px;\n  position: absolute;\n  top: 190px;\n  width: 100%;\n  text-align: center;\n  text-shadow: 0px 0px 5px black;\n  font-weight: bold;\n}\n\/* Number text (1\/3 etc) *\/\n.numbertext {\n  color: #999;\n  font-size: 12px;\n  padding: 8px 12px;\n  position: absolute;\n  top: 0;\n}\n\/* The dots\/bullets\/indicators *\/\n.dot {\n  cursor: pointer;\n  height: 15px;\n  width: 15px;\n  margin: 0 2px;\n  background-color: #bbb;\n  border-radius: 50%;\n  display: inline-block;\n  transition: background-color 0.6s ease;\n}\n.active, .dot:hover {\n  background-color: #717171;\n}\n\/* Fading animation *\/\n.fade {\n  -webkit-animation-name: fade;\n  -webkit-animation-duration: 1.5s;\n  animation-name: fade;\n  animation-duration: 1.5s;\n}\n@-webkit-keyframes fade {\n  from {opacity: .4} \n  to {opacity: 1}\n}\n@keyframes fade {\n  from {opacity: .4} \n  to {opacity: 1}\n}\n\/* On smaller screens, decrease text size *\/\n@media only screen and (max-width: 300px) {\n  .prev, .next,.text {font-size: 11px}\n}\n.fade{opacity: 1!important;}\n#puntos{\ntext-align: center;\ntop: 265px;\nposition: absolute;\nwidth: 80%;\ndisplay:none;\n}\n<\/style>\n\n<div class=\"container-fluid p-0\">\n<div class=\"slideshow-container\">\n<div class=\"mySlides fade\">\n<div class=\"numbertext\">1 \/ 1<\/div>\n<img decoding=\"async\" src=\"https:\/\/saludmovil.go.cr\/\/wp-content\/uploads\/2020\/01\/abstinencia.png\" style=\"width:100%\">\n<div class=\"text\">S\u00edndrome de abstinencia<\/div>\n<div class=\"row\">\n<div class=\"col-sm-12\">\n<div class=\"container p-2 parHHH2\">\nLos posibles s\u00edntomas o molestias que usted podr\u00eda sentir cuando est\u00e1 dejando de fumar y\/o vapear o al dejarlo, se llama SINDROME DE ABSTINENCIA.<br>\nEstos no siempre se presentan, ni se dan todos, son transitorios mientras el cerebro realiza los ajustes para funcionar sin nicotina. Se pueden disminuir con muchas t\u00e9cnicas y tratamientos.<br>\nLe podemos apoyar si ingresa a nuestro <a href=\"#\">chatbot.<\/a> \u00a1S\u00ed se puede dejar de fumar y \/o vapear! Por eso, nos alegra mucho que usted est\u00e9 navegando en esta p\u00e1gina, este es un primer gran paso para lograr la meta de DEJAR DE FUMAR.\n<\/div>\n<div class=\"imgHHCOL\">\n<img decoding=\"async\" src=\"https:\/\/saludmovil.go.cr\/\/wp-content\/uploads\/2020\/01\/columnas\u00edndorme.png\">\n<\/div>\n<\/div>\n<\/div>\n<\/div>\n\n<a class=\"prev\" onclick=\"plusSlides(-1)\">\u276e<\/a>\n<\/div>\n<br>\n<div id=\"puntos\">\n<span class=\"dot\" onclick=\"currentSlide(1)\"><\/span> \n<\/div>\n\n<div class=\"row\" id=\"imgHH\">\n<div class=\"col-sm-12\">\n<div class=\"imgHH\">\n<img decoding=\"async\" id=\"imgH11\" src=\"https:\/\/saludmovil.go.cr\/wp-content\/uploads\/2020\/03\/sintomas.png\" alt=\"Abstinencia\">\n<p class=\"textoHH3 e33 y\">S\u00edndrome de abstinencia<\/p>\n<\/div>\n<\/div>\n<\/div>\n\n<div class=\"row\" id=\"abstinencia\">\n<div class=\"col-sm-12\">\n<div class=\"container p-2 parHHH2\">\nLos posibles s\u00edntomas o molestias que usted podr\u00eda sentir cuando est\u00e1 dejando de fumar y\/o vapear o al dejarlo, se llama SINDROME DE ABSTINENCIA.<br>\nEstos no siempre se presentan, ni se dan todos, son transitorios mientras el cerebro realiza los ajustes para funcionar sin nicotina. Se pueden disminuir con muchas t\u00e9cnicas y tratamientos.<br>\nLe podemos apoyar si ingresa a nuestro <a href=\"#\">chatbot.<\/a> \u00a1S\u00ed se puede dejar de fumar y \/o vapear! Por eso, nos alegra mucho que usted est\u00e9 navegando en esta p\u00e1gina, este es un primer gran paso para lograr la meta de DEJAR DE FUMAR.\n<\/div>\n<div class=\"imgHHCOL\">\n<img decoding=\"async\" src=\"https:\/\/saludmovil.go.cr\/wp-content\/uploads\/cambios_161219\/MS PW-29.png\" alt=\"S\u00edntomas por dejar de fumar\">\n<\/div>\n<\/div>\n<\/div>\n\n<\/div>\n\n<script type=\"text\/javascript\">\njQuery(function($) {\n$(\"#imgH11\" ).click(\nfunction() {\n$(\"#abstinencia\").show( );\n});\n});\n<\/script>\n<script>\nvar slideIndex = 1;\nshowSlides(slideIndex);\nfunction plusSlides(n) {\n  showSlides(slideIndex += n);\n}\nfunction currentSlide(n) {\n  showSlides(slideIndex = n);\n}\nfunction showSlides(n) {\n  var i;\n  var slides = document.getElementsByClassName(\"mySlides\");\n  var dots = document.getElementsByClassName(\"dot\");\n  if (n > slides.length) {slideIndex = 1}    \n  if (n < 1) {slideIndex = slides.length}\n  for (i = 0; i < slides.length; i++) {\n      slides[i].style.display = \"none\";  \n  }\n  for (i = 0; i < dots.length; i++) {\n      dots[i].className = dots[i].className.replace(\" active\", \"\");\n  }\n  slides[slideIndex-1].style.display = \"block\";  \n  dots[slideIndex-1].className += \" active\";\n}\n<\/script>\n","protected":false},"excerpt":{"rendered":"<p>1 \/ 1 S\u00edndrome de abstinencia Los posibles s\u00edntomas o molestias que usted podr\u00eda sentir cuando est\u00e1 dejando de fumar y\/o vapear o al dejarlo, se llama SINDROME DE ABSTINENCIA. [&hellip;]<\/p>\n","protected":false},"author":2,"featured_media":0,"parent":0,"menu_order":0,"comment_status":"closed","ping_status":"closed","template":"","meta":{"footnotes":""},"_links":{"self":[{"href":"https:\/\/saludmovil.go.cr\/index.php\/wp-json\/wp\/v2\/pages\/889"}],"collection":[{"href":"https:\/\/saludmovil.go.cr\/index.php\/wp-json\/wp\/v2\/pages"}],"about":[{"href":"https:\/\/saludmovil.go.cr\/index.php\/wp-json\/wp\/v2\/types\/page"}],"author":[{"embeddable":true,"href":"https:\/\/saludmovil.go.cr\/index.php\/wp-json\/wp\/v2\/users\/2"}],"replies":[{"embeddable":true,"href":"https:\/\/saludmovil.go.cr\/index.php\/wp-json\/wp\/v2\/comments?post=889"}],"version-history":[{"count":42,"href":"https:\/\/saludmovil.go.cr\/index.php\/wp-json\/wp\/v2\/pages\/889\/revisions"}],"predecessor-version":[{"id":1729,"href":"https:\/\/saludmovil.go.cr\/index.php\/wp-json\/wp\/v2\/pages\/889\/revisions\/1729"}],"wp:attachment":[{"href":"https:\/\/saludmovil.go.cr\/index.php\/wp-json\/wp\/v2\/media?parent=889"}],"curies":[{"name":"wp","href":"https:\/\/api.w.org\/{rel}","templated":true}]}}