{"id":658,"date":"2019-11-29T00:05:50","date_gmt":"2019-11-29T00:05:50","guid":{"rendered":"https:\/\/saludmovil.go.cr\/\/?page_id=658"},"modified":"2022-09-15T22:16:05","modified_gmt":"2022-09-15T22:16:05","slug":"beneficios-y-motivaciones","status":"publish","type":"page","link":"https:\/\/saludmovil.go.cr\/index.php\/beneficios-y-motivaciones\/","title":{"rendered":"Beneficios y motivaciones"},"content":{"rendered":"\n<style>\n.co-page-banner-section{display:none!important;}\n.mySlides {display: none}\nimg {vertical-align: middle;}\n.slideshow-container {\n  max-width: 100%;\n  position: relative;\n  margin: auto;\nmargin-top:10%;\n}\n.prev, .next {\n  cursor: pointer;\n  position: absolute;\n  top: 100px;\n  width: auto;\n  padding: 16px;\n  margin-top: -22px;\n  color: white;\n  font-weight: bold;\n  font-size: 18px;\n  transition: 0.6s ease;\n  border-radius: 0 3px 3px 0;\n  user-select: none;\n}\n.next {\n  right: 0;\n  border-radius: 3px 0 0 3px;\n}\n\/* On hover, add a black background color with a little bit see-through *\/\n.prev:hover, .next:hover {\n  background-color: rgba(0,0,0,0.8);\n}\n\/* Caption text *\/\n.text {\n  color: #f2f2f2;\n  font-size: 15px;\n  padding: 8px 12px;\n  position: absolute;\n  top: 170px;\n  width: 100%;\n  text-align: center;\n  text-shadow: 0px 0px 5px black;\n  font-weight: bold;\n}\n\/* Number text (1\/3 etc) *\/\n.numbertext {\n  color: #999;\n  font-size: 12px;\n  padding: 8px 12px;\n  position: absolute;\n  top: 0;\n}\n\/* The dots\/bullets\/indicators *\/\n.dot {\n  cursor: pointer;\n  height: 15px;\n  width: 15px;\n  margin: 0 2px;\n  background-color: #bbb;\n  border-radius: 50%;\n  display: inline-block;\n  transition: background-color 0.6s ease;\n}\n.active, .dot:hover {\n  background-color: #717171;\n}\n\/* Fading animation *\/\n.fade {\n  -webkit-animation-name: fade;\n  -webkit-animation-duration: 1.5s;\n  animation-name: fade;\n  animation-duration: 1.5s;\n}\n@-webkit-keyframes fade {\n  from {opacity: .4} \n  to {opacity: 1}\n}\n@keyframes fade {\n  from {opacity: .4} \n  to {opacity: 1}\n}\n\/* On smaller screens, decrease text size *\/\n@media only screen and (max-width: 300px) {\n  .prev, .next,.text {font-size: 11px}\n}\n.fade{opacity: 1!important;}\n#puntos{\ntext-align: center;\ntop: 260px;\nposition: absolute;\nwidth: 80%;\n}\n@media (max-width: 575px){\n.imgHHCOL img{\nwidth: 120%;\nmargin-top: 15%;\nmargin-left: -10%;\n}\n.parHHH222 {\nmargin-top: 15%;\nmargin-bottom: -25%;\n}\n}\n\n\n.imgHH {\nposition: relative;\n}\n.imgHH > div {\nposition: absolute;\ndisplay: flex;\nwidth: 100%;\nheight: 100%;\npointer-events: none;\n}\n.imgHH p {\nmax-width: 100%;\nword-wrap: normal;\nwhite-space: normal;\nmargin: auto;\n}\n\n#sustancias {\ndisplay: none;\n}\n.sustancias {\nmargin-top: 40px;\n}\n.sustancias > div > div > div:nth-child(2) > p:nth-child(1) {\nwidth: 900px;\nmax-width: 100%;\ncolor: rgba(62, 135, 194, 1);\nfont-weight: 500;\nfont-size: 2.2rem;\ntext-align: justify;\nmargin-bottom: 40px;\nmargin-top: 40px;\nmargin-left: auto;\nmargin-right: auto;\n}\n\n.sustancias > div > div > div:nth-child(4) > p:nth-child(1) {\ncolor: rgba(62, 135, 194, 1);\nfont-size: 1.8rem;\ntext-align: left;\nmargin-bottom: 40px;\nmargin-top: 40px;\n}\n\n.mySlides > div:nth-child(2) {\nposition: relative;\n}\n.mySlides > div:nth-child(2) > img {\nmax-width: 100%;\n}\n.mySlides > div:nth-child(2) > div:nth-child(2){\ntop: auto;\nbottom: 0;\n}\n\n#riesgos {\ndisplay: none;\n}\n.riesgos {\nmargin-top: 40px;\n}\n.riesgos > div > div > div:nth-child(1) {\nmargin-bottom: 30px;\n}\n.riesgos > div > div > div:nth-child(1) > p {\nmargin-left: auto;\nmargin-right: auto;\nline-height: normal;\n}\n.riesgos > div > div > div:nth-child(1) > p:nth-child(1) {\ncolor: rgba(62, 135, 194, 1);\nfont-weight: bold;\nfont-size: 4rem;\n}\n.riesgos > div > div > div:nth-child(1) > p:nth-child(2) {\ncolor: rgba(62, 135, 194, 1);\nfont-weight: 500;\nfont-size: 2.2rem;\nmargin-bottom: 20px;\nmargin-top: 20px;\n}\n.riesgos > div > div > div:nth-child(1) > p:nth-child(3) {\nwidth: 700px;\nmax-width: 100%;\ncolor: rgba(62, 135, 194, 1);\nfont-size: 1.8rem;\nmargin-top: 0;\nmargin-bottom: 0;\n}\n.riesgos > div > div > div:nth-child(2) > div > div:nth-child(2) > p {\ncolor: rgba(62, 135, 194, 1);\nfont-size: 3rem;\nmargin-top: 30px;\nmargin-bottom: 30px;\n}\n\n\/*MD -> SM*\/\n@media (max-width: 768px) {\n#beneficios {display:none !important;}\n#motivaciones{display:none !important;}\n#sustancias{display:none !important;}\n#riesgos{display:none !important;}\n}\n<\/style>\n\n<div class=\"container-fluid p-0\">\n<div class=\"slideshow-container\">\n\n<div class=\"mySlides fade\">\n<div class=\"numbertext\">1 \/ 4<\/div>\n<div>\n<img decoding=\"async\" src=\"https:\/\/saludmovil.go.cr\/\/wp-content\/uploads\/page_herramientas\/herramibenef-motiv-20.png\" alt=\"Beneficios de dejar de fumar\" style=\"width:100%\">\n<div class=\"text\">Beneficios de<br>dejar de fumar y vapear<\/div>\n<\/div>\n<div class=\"row\">\n<div class=\"col-sm-12\">\n<div class=\"imgHHCOL\">\n<img decoding=\"async\" src=\"https:\/\/saludmovil.go.cr\/\/wp-content\/uploads\/2020\/01\/Beneficios.png\" alt=\"Beneficios dejar de fumar\">\n<\/div>\n<\/div>\n<\/div>\n<\/div>\n\n<div class=\"mySlides fade\">\n<div class=\"numbertext\">2 \/ 4<\/div>\n<div>\n<img decoding=\"async\" src=\"https:\/\/saludmovil.go.cr\/\/wp-content\/uploads\/page_herramientas\/herramibenef-motiv-21.png\" alt=\"Motivaciones para dejar de fumar\" style=\"width:100%\">\n<div class=\"text\">Motivaciones para<br>dejar de fumar y vapear<\/div>\n<\/div>\n<div class=\"row\">\n<div class=\"col-sm-12\">\n<div class=\"container p-2 parHHH222 \">\nSi ya sabe qu\u00e9 es el tabaco y por lo tanto tambi\u00e9n, est\u00e1 conociendo sus efectos sobre su cuerpo, le sugerimos evaluar tanto los beneficios y las compensaciones que dicho habito le produce como las ventajas que obtendr\u00eda en el caso de no fumar, y los anote en la siguiente tabla, p\u00f3ngala en un lugar visible, para que le est\u00e9 recordando por qu\u00e9 debe dejar de fumar.<br>\nlas ventajas significan un refuerzo positivo para continuar.<br><br><a href=\"https:\/\/saludmovil.go.cr\/\/wp-content\/uploads\/2020\/01\/FormularioMotivaciones.docx\" download=\"\">DESCARGAR AQU\u00cd<\/a>\n<\/div>\n<\/div>\n<\/div>\n<\/div>\n\n<div class=\"mySlides fade\">\n<div class=\"numbertext\">3 \/ 4<\/div>\n<div>\n<img decoding=\"async\" alt=\"Humo de cigarrillo\" src=\"https:\/\/saludmovil.go.cr\/wp-content\/uploads\/2020\/05\/humo.png\">\n<div class=\"text\">\nConozca algunas de las sustancias que est\u00e1 fumando y vapeando \n<\/div>\n<\/div>\n<div class=\"row\">\n<div class=\"col-sm-12\">\n\n<div class=\"row sustancias\">\n<div class=\"col-sm-12\">\n<div class=\"imgHHCOL\">\n<div class=\"row\">\n<div class=\"col-12\">\n<img decoding=\"async\" src=\"https:\/\/saludmovil.go.cr\/\/wp-content\/uploads\/2020\/05\/sustancias-mapa.png\" alt=\"Sustancias provocadas por fumar\">\n<\/div>\n<\/div>\n<div>\n<p>Se promociona que los vaporizadores o SEAN* s\u00f3lo contienen nicotina, aromatizantes, saborizantes, propilenglicol y glicerina, pero con el calentamiento se liberan otros componentes t\u00f3xicos y cancer\u00edgenos.<\/p>\n<\/div>\n<div class=\"col-12\">\n<img decoding=\"async\" src=\"https:\/\/saludmovil.go.cr\/\/wp-content\/uploads\/2020\/06\/vapo.jpg\" alt=\"Sustancias provocadas por vapear\">\n<\/div>\n<div>\n\n<\/div>\n<\/div>\n<\/div>\n<\/div>\n\n<\/div>\n<\/div>\n<\/div>\n\n<div class=\"mySlides fade\">\n<div class=\"numbertext\">4 \/ 4<\/div>\n<div>\n<img decoding=\"async\" alt=\"Persona afectada por fumar\" src=\"https:\/\/saludmovil.go.cr\/\/wp-content\/uploads\/2020\/05\/foto-1.png\">\n<div class=\"text\">\nRiesgos por fumar y vapear\n<\/div>\n<\/div>\n<div class=\"row\">\n<div class=\"col-sm-12\">\n\n\n\n<div class=\"row riesgos\">\n<div class=\"col-sm-12\">\n<div class=\"imgHHCOL\">\n<div>\n<p>TABACO DE PRIMERA Y SEGUNDA MANO<\/p>\n<p>Fumar lo da\u00f1a a usted y a las personas que lo rodean<\/p>\n<p>C\u00e1ncer de boca, lengua, garganta, pulm\u00f3n, es\u00f3fago, mama, p\u00e1ncreas, ri\u00f1\u00f3n, pr\u00f3stata, vejiga, c\u00e9rvix, leucemias, linfomas.<\/p>\n<\/div>\n<div class=\"row\">    \n<div class=\"col-12\">\n<div class=\"row\">\n<div class=\"col-sm-12 col-md-6\">\n<img decoding=\"async\" src=\"https:\/\/saludmovil.go.cr\/\/wp-content\/uploads\/2020\/07\/PW-MS-2.png\" alt=\"Afectaciones a un bebe reci\u00e9n nacido\">\n<\/div>\n<div class=\"col-sm-12 col-md-6\">\n<img decoding=\"async\" src=\"https:\/\/saludmovil.go.cr\/\/wp-content\/uploads\/2020\/07\/PW-MS1.png\" alt=\"Afectaciones a un reci\u00e9n nacido\">\n<\/div>\n<\/div>\n<div>\n<p>Se asocia con veintinueve enfermedades<\/p>\n<\/div>\n<div class=\"row\">\n<div class=\"col-sm-12 col-md-6\">\n<img decoding=\"async\" src=\"https:\/\/saludmovil.go.cr\/\/wp-content\/uploads\/2020\/07\/PW-MS-4.png\" alt=\"Enfermedades por fumar\">\n<\/div>\n<div class=\"col-sm-12 col-md-6\">\n<img decoding=\"async\" src=\"https:\/\/saludmovil.go.cr\/\/wp-content\/uploads\/2020\/07\/PW-MS-3.png\" alt=\"Enfermedades por fumar\">\n<\/div>\n<\/div>\n<\/div>\n<\/div>\n<\/div>\n<\/div>\n<\/div>\n\n<\/div>\n<\/div>\n<\/div>\n<a class=\"prev\" onclick=\"plusSlides(-1)\">\u276e<\/a>\n<a class=\"next\" onclick=\"plusSlides(1)\">\u276f<\/a>\n<\/div>\n<br>\n\n\n\n\n\n\n\n<div id=\"puntos\">\n<span class=\"dot\" onclick=\"currentSlide(1)\"><\/span> \n<span class=\"dot\" onclick=\"currentSlide(2)\"><\/span>\n<span class=\"dot\" onclick=\"currentSlide(3)\"><\/span>\n<span class=\"dot\" onclick=\"currentSlide(4)\"><\/span>\n<\/div>\n\n<div class=\"row\" id=\"imgHH\">\n\n<div class=\"col-sm-6\">\n<div id=\"imgH11\" class=\"imgHH\">\n<img decoding=\"async\" src=\"https:\/\/saludmovil.go.cr\/\/wp-content\/uploads\/page_herramientas\/herramibenef-motiv-20.png\" alt=\"Beneficios de dejar de fumar\">\n<div>\n<p class=\"textoHH1 b1\">Beneficios de dejar de fumar y vapear<\/p>\n<\/div>\n<\/div>\n<\/div>\n\n<div class=\"col-sm-6\">\n<div id=\"imgH12\" class=\"imgHH\">\n<img decoding=\"async\" src=\"https:\/\/saludmovil.go.cr\/\/wp-content\/uploads\/page_herramientas\/herramibenef-motiv-21.png\" alt=\"Motivaciones para dejar de fumar\">\n<div>\n<p class=\"textoHH2 m2\">Motivaciones para dejar de fumar y vapear<\/p>\n<\/div>\n<\/div>\n<\/div>\n\n<\/div>\n<div class=\"row\" id=\"imgHH\">\n\n<div class=\"col-sm-6\">\n<div id=\"imgH13\" class=\"imgHH\">\n<img decoding=\"async\" alt=\"Humo de cigarrillo\" src=\"https:\/\/saludmovil.go.cr\/\/wp-content\/uploads\/2020\/05\/humo.png\" alt=\"Humo de cigarro\">\n<div>\n<p class=\"textoHH1 b1\">Conozca algunas de las sustancias que est\u00e1 fumando y vapeando <\/p>\n<\/div>\n<\/div>\n<\/div>\n\n<div class=\"col-sm-6\">\n<div id=\"imgH14\" class=\"imgHH\">\n<img decoding=\"async\" src=\"https:\/\/saludmovil.go.cr\/wp-content\/uploads\/2020\/05\/foto-1.png\" alt=\"Riesgos por fumar y vapear\">\n<div>\n<p class=\"textoHH1 b1\">Riesgos por fumar y vapear<\/p>\n<\/div>\n<\/div>\n<\/div>\n\n<\/div>\n\n<div class=\"row\" id=\"beneficios\">\n<div class=\"col-sm-12\">\n<div class=\"imgHHCOL\" id=\"imgBDFH2\">\n<img decoding=\"async\" src=\"https:\/\/saludmovil.go.cr\/\/wp-content\/uploads\/2020\/01\/Beneficios.png\" alt=\"Beneficios dejar de fumar\">\n<\/div>\n<\/div>\n<\/div>\n\n<div class=\"row\" id=\"motivaciones\">\n<div class=\"col-sm-12\">\n<div class=\"container p-2 parHHH2\" id=\"textoBH2\">\nSi ya sabe qu\u00e9 es el tabaco y por lo tanto tambi\u00e9n, est\u00e1 conociendo sus efectos sobre su cuerpo, le sugerimos evaluar tanto los beneficios y las compensaciones que dicho habito le produce como las ventajas que obtendr\u00eda en el caso de no fumar, y los anote en la siguiente tabla, p\u00f3ngala en un lugar visible, para que le est\u00e9 recordando por qu\u00e9 debe dejar de fumar.<br>\nlas ventajas significan un refuerzo positivo para continuar.\n<\/div>\n<div class=\"imgHHCOL\">\n<a href=\"https:\/\/saludmovil.go.cr\/\/wp-content\/uploads\/2020\/01\/FormularioMotivaciones.docx\" download=\"\">\n<img decoding=\"async\" src=\"https:\/\/saludmovil.go.cr\/\/wp-content\/uploads\/2020\/01\/descargah2.png\" alt=\"Razones para dejar de fumar\">\n<\/a>\n<\/div>\n<\/div>\n<\/div>\n\n<div class=\"row sustancias\" id=\"sustancias\">\n<div class=\"col-sm-12\">\n<div class=\"imgHHCOL\">\n<div class=\"row\">\n<div class=\"col-12\">\n<img decoding=\"async\" src=\"https:\/\/saludmovil.go.cr\/\/wp-content\/uploads\/2020\/05\/sustancias-mapa.png\" alt=\"Sustancias provocadas por fumar\">\n<\/div>\n<\/div>\n<div>\n<p><b>Se promociona que los vaporizadores o SEAN* s\u00f3lo contienen nicotina, aromatizantes, saborizantes, propilenglicol y glicerina, pero con el calentamiento se liberan otros componentes t\u00f3xicos y cancer\u00edgenos.<\/b><\/p>\n<\/div>\n<div class=\"col-12\">\n<img decoding=\"async\" src=\"https:\/\/saludmovil.go.cr\/\/wp-content\/uploads\/2020\/06\/vapo.jpg\" alt=\"Sustancias provocadas por vapear\">\n<\/div>\n<div>\n\n<\/div>\n<\/div>\n<\/div>\n<\/div>\n\n<div class=\"row riesgos\" id=\"riesgos\">\n<div class=\"col-sm-12\">\n<div class=\"imgHHCOL\">\n<div>\n<p>TABACO DE PRIMERA Y SEGUNDA MANO<\/p>\n<p><b>Fumar lo da\u00f1a a usted y a las personas que lo rodean<\/b><\/p>\n<p><b style=\"font-size:20px\">C\u00e1ncer de boca, lengua, garganta, pulm\u00f3n, es\u00f3fago, mama, p\u00e1ncreas, ri\u00f1\u00f3n, pr\u00f3stata, vejiga, c\u00e9rvix, leucemias, linfomas.<\/b><\/p>\n<\/div>\n<div class=\"row\">    \n<div class=\"col-12\">\n<div class=\"row\">\n<div class=\"col-sm-12 col-md-6\">\n<img decoding=\"async\" src=\"https:\/\/saludmovil.go.cr\/\/wp-content\/uploads\/2020\/07\/PW-MS-2.png\" alt=\"Afectaciones a un bebe reci\u00e9n nacido\">\n<\/div>\n<div class=\"col-sm-12 col-md-6\">\n<img decoding=\"async\" src=\"https:\/\/saludmovil.go.cr\/\/wp-content\/uploads\/2020\/07\/PW-MS1.png\" alt=\"Afectaciones a un reci\u00e9n nacido\">\n<\/div>\n<\/div>\n<div>\n<p>Se asocia con veintinueve enfermedades<\/p>\n<\/div>\n<div class=\"row\">\n<div class=\"col-sm-12 col-md-6\">\n<img decoding=\"async\" src=\"https:\/\/saludmovil.go.cr\/\/wp-content\/uploads\/2020\/07\/PW-MS-4.png\" alt=\"Enfermedades por fumar\">\n<\/div>\n<div class=\"col-sm-12 col-md-6\">\n<img decoding=\"async\" src=\"https:\/\/saludmovil.go.cr\/\/wp-content\/uploads\/2020\/07\/PW-MS-3.png\" alt=\"Enfermedades por fumar\">\n<\/div>\n<\/div>\n<\/div>\n<\/div>\n\n\n<\/div>\n<script type=\"text\/javascript\">\njQuery(function($) {\n$(window).on('load', function () {\nvar URLactual = window.location.href.split(\"#\")[1];\nif(URLactual==\"beneficios\"){\n$(\"#motivaciones\").hide( );\n$(\"#sustancias\").hide( );\n$(\"#riesgos\").hide( );\n$(\"#beneficios\").show( );\nvar element = document.getElementById(\"beneficios\");\nelement.scrollIntoView();\n}else if(URLactual==\"motivaciones\"){\n$(\"#beneficios\").hide( );\n$(\"#sustancias\").hide( );\n$(\"#riesgos\").hide( );\n$(\"#motivaciones\").show( );\nvar element = document.getElementById(\"motivaciones\");\nelement.scrollIntoView();\n}else if(URLactual==\"sustancias\"){\n$(\"#motivaciones\").hide( );\n$(\"#beneficios\").hide( );\n$(\"#riesgos\").hide( );\n$(\"#sustancias\").show( );\nvar element = document.getElementById(\"sustancias\");\nelement.scrollIntoView();\n}else if(URLactual==\"riesgos\"){\n$(\"#motivaciones\").hide( );\n$(\"#beneficios\").hide( );\n$(\"#sustancias\").hide( );\n$(\"#riesgos\").show( );\nvar element = document.getElementById(\"riesgos\");\nelement.scrollIntoView();\n}\n});\n$(\"#imgH11\").click(\nfunction() {\nlocation.replace(\"https:\/\/saludmovil.go.cr\/index.php\/beneficios-y-motivaciones\/#beneficios\");\n$(\"#motivaciones\").hide( );\n$(\"#sustancias\").hide( );\n$(\"#riesgos\").hide( );\n$(\"#beneficios\").show( );\nvar element = document.getElementById(\"beneficios\");\nelement.scrollIntoView();\n});\n$( \"#imgH12\" ).click(\nfunction() {\nlocation.replace(\"https:\/\/saludmovil.go.cr\/index.php\/beneficios-y-motivaciones\/#motivaciones\");\n$(\"#beneficios\").hide( );\n$(\"#sustancias\").hide( );\n$(\"#riesgos\").hide( );\n$(\"#motivaciones\").show( );\nvar element = document.getElementById(\"motivaciones\");\n element.scrollIntoView();\n});\n$( \"#imgH13\" ).click(\nfunction() {\nlocation.replace(\"https:\/\/saludmovil.go.cr\/index.php\/beneficios-y-motivaciones\/#sustancias\");\n$(\"#motivaciones\").hide( );\n$(\"#beneficios\").hide( );\n$(\"#riesgos\").hide( );\n$(\"#sustancias\").show( );\nvar element = document.getElementById(\"sustancias\");\nelement.scrollIntoView();\n});\n$( \"#imgH14\" ).click(\nfunction() {\nlocation.replace(\"https:\/\/saludmovil.go.cr\/index.php\/beneficios-y-motivaciones\/#riesgos\");\n$(\"#motivaciones\").hide( );\n$(\"#beneficios\").hide( );\n$(\"#sustancias\").hide( );\n$(\"#riesgos\").show( );\nvar element = document.getElementById(\"riesgos\");\nelement.scrollIntoView();\n});\n});\n<\/script>\n<script>\nvar slideIndex = 1;\nshowSlides(slideIndex);\nfunction plusSlides(n) {\n  showSlides(slideIndex += n);\n}\nfunction currentSlide(n) {\n  showSlides(slideIndex = n);\n}\nfunction showSlides(n) {\n  var i;\n  var slides = document.getElementsByClassName(\"mySlides\");\n  var dots = document.getElementsByClassName(\"dot\");\n  if (n > slides.length) {slideIndex = 1}    \n  if (n < 1) {slideIndex = slides.length}\n  for (i = 0; i < slides.length; i++) {\n      slides[i].style.display = \"none\";  \n  }\n  for (i = 0; i < dots.length; i++) {\n      dots[i].className = dots[i].className.replace(\" active\", \"\");\n  }\n  slides[slideIndex-1].style.display = \"block\";  \n  dots[slideIndex-1].className += \" active\";\n}\n<\/script>\n\n\n\n<p><\/p>\n","protected":false},"excerpt":{"rendered":"<p>1 \/ 4 Beneficios dedejar de fumar y vapear 2 \/ 4 Motivaciones paradejar de fumar y vapear Si ya sabe qu\u00e9 es el tabaco y por lo tanto tambi\u00e9n, [&hellip;]<\/p>\n","protected":false},"author":2,"featured_media":0,"parent":0,"menu_order":0,"comment_status":"closed","ping_status":"closed","template":"","meta":{"footnotes":""},"_links":{"self":[{"href":"https:\/\/saludmovil.go.cr\/index.php\/wp-json\/wp\/v2\/pages\/658"}],"collection":[{"href":"https:\/\/saludmovil.go.cr\/index.php\/wp-json\/wp\/v2\/pages"}],"about":[{"href":"https:\/\/saludmovil.go.cr\/index.php\/wp-json\/wp\/v2\/types\/page"}],"author":[{"embeddable":true,"href":"https:\/\/saludmovil.go.cr\/index.php\/wp-json\/wp\/v2\/users\/2"}],"replies":[{"embeddable":true,"href":"https:\/\/saludmovil.go.cr\/index.php\/wp-json\/wp\/v2\/comments?post=658"}],"version-history":[{"count":257,"href":"https:\/\/saludmovil.go.cr\/index.php\/wp-json\/wp\/v2\/pages\/658\/revisions"}],"predecessor-version":[{"id":1800,"href":"https:\/\/saludmovil.go.cr\/index.php\/wp-json\/wp\/v2\/pages\/658\/revisions\/1800"}],"wp:attachment":[{"href":"https:\/\/saludmovil.go.cr\/index.php\/wp-json\/wp\/v2\/media?parent=658"}],"curies":[{"name":"wp","href":"https:\/\/api.w.org\/{rel}","templated":true}]}}