{"id":6,"date":"2019-11-07T17:46:27","date_gmt":"2019-11-07T17:46:27","guid":{"rendered":"http:\/\/smmcr.net\/msalud\/?page_id=6"},"modified":"2021-12-07T20:05:05","modified_gmt":"2021-12-07T20:05:05","slug":"quienes-somos","status":"publish","type":"page","link":"https:\/\/saludmovil.go.cr\/index.php\/quienes-somos\/","title":{"rendered":"Quienes somos"},"content":{"rendered":"\n<style>\n.co-page-banner-section{display:none!important;}\nbody {\nbackground: linear-gradient(to right, #0171b9 33%, #0099cc 70%);\ncolor:white!important\n}\n<\/style>\n\n<div class=\"container-fluid p-0\">\n\n<div class=\"row\">\n<div class=\"col-sm-12\">\n<div id=\"contenidoQS\">\n<h1>QUIENES SOMOS<\/h1>\n<p>\nConformamos un equipo multidisciplinario e interinstitucional dedicado a la promoci\u00f3n de estilos de vida saludables, y a la prevenci\u00f3n y protecci\u00f3n de la salud de la poblaci\u00f3n, utilizando dispositivos m\u00f3viles.<br><br>\nMISI\u00d3N: Nuestro prop\u00f3sito es revolucionar la manera en que las personas se relacionan con los servicios enfocados en la salud por medio de dispositivos m\u00f3viles, con el fin de potenciar el acceso a informaci\u00f3n, que permita la adquisici\u00f3n de comportamientos saludables.<br><br>\nVISI\u00d3N: Ser l\u00edderes en el uso de dispositivos m\u00f3viles aplicados a los temas prioritarios de la salud.\n<\/p>\n<\/div>\n<\/div>\n<\/div>\n\n<div class=\"row\">\n<div class=\"col-sm-12\">\n<div id=\"imgQS\">\n<img decoding=\"async\" class=\"img-fluid img-thumbnail\" src=\"https:\/\/saludmovil.go.cr\/\/wp-content\/uploads\/2019\/11\/quienesImg.png\" alt=\"Nuestros servicios\" title=\"Nuestros servicios\">\n<\/div>\n<\/div>\n\n\n\n\n<\/div><\/div>\n\n\n\n<p><\/p>\n","protected":false},"excerpt":{"rendered":"<p>QUIENES SOMOS Conformamos un equipo multidisciplinario e interinstitucional dedicado a la promoci\u00f3n de estilos de vida saludables, y a la prevenci\u00f3n y protecci\u00f3n de la salud de la poblaci\u00f3n, utilizando [&hellip;]<\/p>\n","protected":false},"author":2,"featured_media":0,"parent":0,"menu_order":0,"comment_status":"closed","ping_status":"closed","template":"","meta":{"footnotes":""},"_links":{"self":[{"href":"https:\/\/saludmovil.go.cr\/index.php\/wp-json\/wp\/v2\/pages\/6"}],"collection":[{"href":"https:\/\/saludmovil.go.cr\/index.php\/wp-json\/wp\/v2\/pages"}],"about":[{"href":"https:\/\/saludmovil.go.cr\/index.php\/wp-json\/wp\/v2\/types\/page"}],"author":[{"embeddable":true,"href":"https:\/\/saludmovil.go.cr\/index.php\/wp-json\/wp\/v2\/users\/2"}],"replies":[{"embeddable":true,"href":"https:\/\/saludmovil.go.cr\/index.php\/wp-json\/wp\/v2\/comments?post=6"}],"version-history":[{"count":26,"href":"https:\/\/saludmovil.go.cr\/index.php\/wp-json\/wp\/v2\/pages\/6\/revisions"}],"predecessor-version":[{"id":1720,"href":"https:\/\/saludmovil.go.cr\/index.php\/wp-json\/wp\/v2\/pages\/6\/revisions\/1720"}],"wp:attachment":[{"href":"https:\/\/saludmovil.go.cr\/index.php\/wp-json\/wp\/v2\/media?parent=6"}],"curies":[{"name":"wp","href":"https:\/\/api.w.org\/{rel}","templated":true}]}}