{"id":1743,"date":"2022-02-23T20:36:50","date_gmt":"2022-02-23T20:36:50","guid":{"rendered":"https:\/\/saludmovil.go.cr\/?page_id=1743"},"modified":"2022-03-23T17:15:42","modified_gmt":"2022-03-23T17:15:42","slug":"expertos","status":"publish","type":"page","link":"https:\/\/saludmovil.go.cr\/index.php\/expertos\/","title":{"rendered":"Expertos"},"content":{"rendered":"\n<h1 class=\"experto-title wp-block-heading\">EXPERTOS<\/h1>\n\n\n\n<p> <\/p>\n\n\n\n<p>Esta secci\u00f3n usted puede revisar&nbsp; la opini\u00f3n e informaci\u00f3n que nos brindan los diferentes profesionales en relaci\u00f3n con el tema del tabaquismo y el cese del consumo de tabaco. <\/p>\n\n\n\n<div class=\"wp-block-columns has-2-columns is-layout-flex wp-container-core-columns-is-layout-1 wp-block-columns-is-layout-flex\">\n<div class=\"wp-block-column is-layout-flow wp-block-column-is-layout-flow\">\n<p><strong>1. Dr. Carlos Pereira<\/strong><\/p>\n\n\n\n<figure class=\"wp-block-video\"><video controls src=\"https:\/\/saludmovil.go.cr\/wp-content\/uploads\/2022\/03\/video_experto\/276223092_286519876964246_3610564133726426187_n.mp4\"><\/video><\/figure>\n<\/div>\n\n\n\n<div class=\"wp-block-column is-layout-flow wp-block-column-is-layout-flow\">\n<p><strong>2. Dr. Jorge Chavarr\u00eda<\/strong><\/p>\n\n\n\n<figure class=\"wp-block-video\"><video controls src=\"https:\/\/saludmovil.go.cr\/wp-content\/uploads\/2022\/03\/video_experto\/chavarria.mp4\"><\/video><\/figure>\n<\/div>\n<\/div>\n\n\n\n<div class=\"wp-block-columns has-2-columns is-layout-flex wp-container-core-columns-is-layout-2 wp-block-columns-is-layout-flex\">\n<div class=\"wp-block-column is-layout-flow wp-block-column-is-layout-flow\">\n<p><strong>3. Dr. Dagoberto Solano Mar\u00edn<\/strong><\/p>\n\n\n\n<figure class=\"wp-block-video\"><video controls src=\"https:\/\/saludmovil.go.cr\/wp-content\/uploads\/2022\/03\/video_experto\/276160648_714579226587345_4971922643254473198_n.mp4\"><\/video><\/figure>\n<\/div>\n\n\n\n<div class=\"wp-block-column is-layout-flow wp-block-column-is-layout-flow\">\n<p><strong>4. Dra. Ang\u00e9lica Selva Mora <\/strong>            <\/p>\n\n\n\n<figure class=\"wp-block-video\"><video controls src=\"https:\/\/saludmovil.go.cr\/wp-content\/uploads\/2022\/03\/video_experto\/271749995_3048331342048751_2641794490006795724_n.mp4\"><\/video><\/figure>\n<\/div>\n<\/div>\n\n\n\n<div class=\"wp-block-columns has-2-columns is-layout-flex wp-container-core-columns-is-layout-3 wp-block-columns-is-layout-flex\">\n<div class=\"wp-block-column is-layout-flow wp-block-column-is-layout-flow\">\n<p><strong>5. Dr. Luis Guti\u00e9rrez Jaikel<\/strong><\/p>\n\n\n\n<figure class=\"wp-block-video\"><video controls src=\"https:\/\/saludmovil.go.cr\/wp-content\/uploads\/2022\/03\/video_experto\/276078615_302916011943183_6742778484653670153_n.mp4\"><\/video><\/figure>\n<\/div>\n\n\n\n<div class=\"wp-block-column is-layout-flow wp-block-column-is-layout-flow\">\n<p><strong>6. Dra. Wing Ching Chan Cheng <\/strong><\/p>\n\n\n\n<figure class=\"wp-block-video\"><video controls src=\"https:\/\/saludmovil.go.cr\/wp-content\/uploads\/2022\/03\/video_experto\/10000000_160857186369855_5281610483100945574_n.mp4\"><\/video><\/figure>\n<\/div>\n<\/div>\n\n\n\n<div class=\"wp-block-columns has-2-columns is-layout-flex wp-container-core-columns-is-layout-5 wp-block-columns-is-layout-flex\">\n<div class=\"wp-block-column is-layout-flow wp-block-column-is-layout-flow\">\n<p><strong>7. Dr. Rom\u00e1n Macaya<\/strong><\/p>\n\n\n\n<figure class=\"wp-block-video\"><video controls src=\"https:\/\/saludmovil.go.cr\/wp-content\/uploads\/2022\/03\/video_experto\/272077873_771597957575896_3002185747747689102_n.mp4\"><\/video><\/figure>\n\n\n\n<div class=\"wp-block-columns has-2-columns is-layout-flex wp-container-core-columns-is-layout-4 wp-block-columns-is-layout-flex\"><\/div>\n<\/div>\n\n\n\n<div class=\"wp-block-column is-layout-flow wp-block-column-is-layout-flow\">\n<p><strong>8. Dr. Gabriel Rodr\u00edguez<\/strong><\/p>\n\n\n\n<figure class=\"wp-block-video\"><video controls src=\"https:\/\/saludmovil.go.cr\/wp-content\/uploads\/2022\/03\/video_experto\/276124768_698805614480791_2622191917292273741_n.mp4\"><\/video><\/figure>\n<\/div>\n<\/div>\n\n\n\n<div class=\"wp-block-columns has-2-columns is-layout-flex wp-container-core-columns-is-layout-6 wp-block-columns-is-layout-flex\">\n<div class=\"wp-block-column is-layout-flow wp-block-column-is-layout-flow\">\n<p><strong>9. Dr. Juli\u00e1n Chaverri Polini<\/strong><\/p>\n\n\n\n<figure class=\"wp-block-video\"><video controls src=\"https:\/\/saludmovil.go.cr\/wp-content\/uploads\/2022\/03\/video_experto\/polini.mp4\"><\/video><\/figure>\n\n\n\n<p><\/p>\n<\/div>\n\n\n\n<div class=\"wp-block-column is-layout-flow wp-block-column-is-layout-flow\"><\/div>\n<\/div>\n","protected":false},"excerpt":{"rendered":"<p>EXPERTOS Esta secci\u00f3n usted puede revisar&nbsp; la opini\u00f3n e informaci\u00f3n que nos brindan los diferentes profesionales en relaci\u00f3n con el tema del tabaquismo y el cese del consumo de tabaco. [&hellip;]<\/p>\n","protected":false},"author":2,"featured_media":0,"parent":0,"menu_order":0,"comment_status":"closed","ping_status":"closed","template":"","meta":{"footnotes":""},"_links":{"self":[{"href":"https:\/\/saludmovil.go.cr\/index.php\/wp-json\/wp\/v2\/pages\/1743"}],"collection":[{"href":"https:\/\/saludmovil.go.cr\/index.php\/wp-json\/wp\/v2\/pages"}],"about":[{"href":"https:\/\/saludmovil.go.cr\/index.php\/wp-json\/wp\/v2\/types\/page"}],"author":[{"embeddable":true,"href":"https:\/\/saludmovil.go.cr\/index.php\/wp-json\/wp\/v2\/users\/2"}],"replies":[{"embeddable":true,"href":"https:\/\/saludmovil.go.cr\/index.php\/wp-json\/wp\/v2\/comments?post=1743"}],"version-history":[{"count":10,"href":"https:\/\/saludmovil.go.cr\/index.php\/wp-json\/wp\/v2\/pages\/1743\/revisions"}],"predecessor-version":[{"id":1765,"href":"https:\/\/saludmovil.go.cr\/index.php\/wp-json\/wp\/v2\/pages\/1743\/revisions\/1765"}],"wp:attachment":[{"href":"https:\/\/saludmovil.go.cr\/index.php\/wp-json\/wp\/v2\/media?parent=1743"}],"curies":[{"name":"wp","href":"https:\/\/api.w.org\/{rel}","templated":true}]}}