{"id":11,"date":"2019-11-07T17:46:27","date_gmt":"2019-11-07T17:46:27","guid":{"rendered":"http:\/\/smmcr.net\/msalud\/?page_id=11"},"modified":"2021-12-07T23:57:58","modified_gmt":"2021-12-07T23:57:58","slug":"contactenos","status":"publish","type":"page","link":"https:\/\/saludmovil.go.cr\/index.php\/contactenos\/","title":{"rendered":"Cont\u00e1ctenos"},"content":{"rendered":"\n<style>\n.co-page-banner-section{display:none!important;}\nbody {background: linear-gradient(to right, #0171b9 33%, #0099cc 70%);color:white!important}\n.group{position:relative;margin-bottom:45px;}\na {color: white;}\na:hover{color:#14548c!important}\ninput{\n  font-size:18px;\n  padding:10px 10px 10px 5px;\n  display:block;\n  width:100%;\n  border:none;\n  border-bottom:2px solid white;\n  background-color: transparent;\n}\ntextarea{width:100%;border: 2px solid;resize: none;\nbackground: transparent;color:white!important}\ninput:focus{outline:none;}\nlabel{\n  color:white; \n  font-size:18px;\n  font-weight:normal;\n  position:absolute;\n  pointer-events:none;\n  left:5px;\n  top:10px;\n  transition:0.2s ease all; \n  -moz-transition:0.2s ease all; \n  -webkit-transition:0.2s ease all;\n}\n\ninput:focus ~ label, input:valid ~ label{\n  top:-20px;\n  font-size:14px;\n  color:#white;\n}\ntextarea:focus ~ label{\n  top:-25px;\n  font-size:14px;\n  color:#white;\n}\n.bar{ position:relative; display:block; width:300px;}\n.bar:before, .bar:after{\n  content:'';\n  height:2px; \n  width:0;\n  bottom:1px; \n  position:absolute;\n  transition:0.2s ease all; \n  -moz-transition:0.2s ease all; \n  -webkit-transition:0.2s ease all;\n}\n.bar:before{\n  left:50%;\n}\n.bar:after{\n  right:50%; \n}\ninput:focus ~ .bar:before, input:focus ~ .bar:after{\n  width:50%;\n}\n.highlight{\n  position:absolute;\n  height:60%; \n  width:100px; \n  top:25%; \n  left:0;\n  pointer-events:none;\n  opacity:0.5;\n}\ninput:focus ~ .highlight {\n  -webkit-animation:inputHighlighter 0.3s ease;\n  -moz-animation:inputHighlighter 0.3s ease;\n  animation:inputHighlighter 0.3s ease;\n}\n@-webkit-keyframes inputHighlighter {\n\tfrom { background:#5264AE; }\n  to \t{ width:0; background:transparent; }\n}\n@-moz-keyframes inputHighlighter {\n\tfrom { background:#5264AE; }\n  to \t{ width:0; background:transparent; }\n}\n@keyframes inputHighlighter {\n\tfrom { background:#5264AE; }\n  to \t{ width:0; background:transparent; }\n}\n#boton{border: 2px solid white!important;background:#14548c;}\n#boton:hover{background:transparent}\ninput[type=number]::-webkit-inner-spin-button, \ninput[type=number]::-webkit-outer-spin-button { \n  -webkit-appearance: none; \n  margin: 0; \n}\ninput:-webkit-autofill,\ninput:-webkit-autofill:hover, \ninput:-webkit-autofill:focus,\ntextarea:-webkit-autofill,\ntextarea:-webkit-autofill:hover,\ntextarea:-webkit-autofill:focus,\nselect:-webkit-autofill,\nselect:-webkit-autofill:hover,\nselect:-webkit-autofill:focus {\n  border: none;\n  -webkit-text-fill-color: white;\n  -webkit-box-shadow:none;\n  transition: background-color 5000s ease-in-out 0s;\nborder-bottom: 2px solid white;\n}\n<\/style>\n\n\n\n<div class=\"container-fluid p-0\">\n\n<div class=\"row\">\n\n<div class=\"col-sm-6\">\n<div role=\"form\" class=\"wpcf7\" id=\"wpcf7-f49-p11-o1\" lang=\"es-CR\" dir=\"ltr\">\n<div class=\"screen-reader-response\"><\/div>\n<h2 style=\"color:white;margin-top: 2em;font-weight: bold;\">CONT\u00c1CTENOS<\/h2>\n<form action=\"\/msalud\/index.php\/contactenos\/#wpcf7-f49-p11-o1\" method=\"post\" class=\"wpcf7-form\" novalidate=\"novalidate\" autocomplete=\"off\">\n\t<div style=\"display: none;\">\n\t\t<input type=\"hidden\" name=\"_wpcf7\" value=\"49\">\n\t\t<input type=\"hidden\" name=\"_wpcf7_version\" value=\"5.1.4\">\n\t\t<input type=\"hidden\" name=\"_wpcf7_locale\" value=\"es_CR\">\n\t\t<input type=\"hidden\" name=\"_wpcf7_unit_tag\" value=\"wpcf7-f49-p11-o1\">\n\t\t<input type=\"hidden\" name=\"_wpcf7_container_post\" value=\"11\">\n\t<\/div>\n\n\t<div class=\"group\">      \n      <input type=\"text\" name=\"your-name\" title=\"Nombre\" required>\n      <span class=\"highlight\"><\/span>\n      <span class=\"bar\"><\/span>\n      <label>Nombre<\/label>\n<span class=\"wpcf7-form-control-wrap your-name\">\n    <\/div>\n\t\n\t<div class=\"group\">      \n\t\t<input type=\"email\" name=\"your-email\" title=\"Correo electr\u00f3nico\" required>\n\t\t<span class=\"highlight\"><\/span>\n\t\t<span class=\"bar\"><\/span>\n\t\t<label>Correo Electr\u00f3nico<\/label>\n<span class=\"wpcf7-form-control-wrap your-email\">\n    <\/div>\n\t\n\t<div class=\"group\">      \n\t\t<input type=\"tel\" name=\"tel-539\" class=\"wpcf7-form-control wpcf7-text wpcf7-tel wpcf7-validates-as-required wpcf7-validates-as-tel\" aria-required=\"true\" aria-invalid=\"false\" title=\"Tel\u00e9fono\" required=\"\">\n\t\t<span class=\"highlight\"><\/span>\n\t\t<span class=\"bar\"><\/span>\n\t\t<label>Tel\u00e9fono<\/label>\n<span class=\"wpcf7-form-control-wrap tel-539\">\n    <\/div>\n\t\n    <div class=\"group\">      \n\t\t<textarea name=\"your-message\" cols=\"40\" rows=\"5\" title=\"Descripci\u00f3n\" required  maxlength=\"500\"> \n                <\/textarea>\n\t\t<span class=\"highlight\"><\/span>\n\t\t<span class=\"bar\"><\/span>\n\t\t<label>Comentario<\/label>\n    <\/div>\n\t\n\t<p><input type=\"submit\" value=\"Enviar\" class=\"wpcf7-form-control wpcf7-submit\" id=\"boton\"><\/p>\n\t\n\t<div class=\"wpcf7-response-output wpcf7-display-none\"><\/div>\n\t\n<\/form>\n\n<\/div>\n<\/div>\n\n<div class=\"col-sm-6\" style=\"display:flex;\">\n<div class=\"iyt\" style=\"margin:auto;\">\n\n<p class=\"title-contact mt-md-5 mb-3\">\n<a href=\"https:\/\/www.facebook.com\/dejardefumaryvapearcr\/\" target=\"_blank\" rel=\"noopener noreferrer\">\n<i class=\"fab fa-facebook-square\"><\/i>\nDejar de Fumar y Vapear\n<\/a>\n<\/p>\n\n<p class=\"title-contact mt-md-5 mb-3\">\n<a href=\"https:\/\/goo.gl\/maps\/4ZJnpXDsnpt8kBkeA\" target=\"_blank\" rel=\"noopener noreferrer\">\n<i class=\"fas fa-map-marker-alt icons-contact mt-5\"><\/i>\nMinisterio de Salud\n<\/a>\n<\/p>\n\n<p class=\"title-contact mt-md-5 mb-3\">\n<a href=\"mailto:comision.msalud@misalud.go.cr\" mt-md-5=\"\" mb-3=\"\">\n<i class=\"fas fa-envelope icons-contact\"><\/i>\ncomision.msalud@misalud.go.cr\n<\/a>\n<\/p>\n\n<p class=\"title-contact mt-md-5 mb-3\">\n<a href=\"https:\/\/saludmovil.go.cr\/index.php\/centros-de-cesacion-de-tabaco\/\" mt-md-5=\"\" mb-3=\"\">\n<i class=\"fas fa-map-marked-alt\"><\/i>\nCl\u00ednicas de cesaci\u00f3n de tabaco\n<\/a>\n<\/p>\n\n<\/div>\n<\/div>\n\n<\/div>\n<\/div>\n\n\n\n<p><\/p>\n","protected":false},"excerpt":{"rendered":"<p>CONT\u00c1CTENOS Nombre Correo Electr\u00f3nico Tel\u00e9fono Comentario Dejar de Fumar y Vapear Ministerio de Salud comision.msalud@misalud.go.cr Cl\u00ednicas de cesaci\u00f3n de tabaco<\/p>\n","protected":false},"author":2,"featured_media":0,"parent":0,"menu_order":0,"comment_status":"closed","ping_status":"closed","template":"","meta":{"footnotes":""},"_links":{"self":[{"href":"https:\/\/saludmovil.go.cr\/index.php\/wp-json\/wp\/v2\/pages\/11"}],"collection":[{"href":"https:\/\/saludmovil.go.cr\/index.php\/wp-json\/wp\/v2\/pages"}],"about":[{"href":"https:\/\/saludmovil.go.cr\/index.php\/wp-json\/wp\/v2\/types\/page"}],"author":[{"embeddable":true,"href":"https:\/\/saludmovil.go.cr\/index.php\/wp-json\/wp\/v2\/users\/2"}],"replies":[{"embeddable":true,"href":"https:\/\/saludmovil.go.cr\/index.php\/wp-json\/wp\/v2\/comments?post=11"}],"version-history":[{"count":152,"href":"https:\/\/saludmovil.go.cr\/index.php\/wp-json\/wp\/v2\/pages\/11\/revisions"}],"predecessor-version":[{"id":1726,"href":"https:\/\/saludmovil.go.cr\/index.php\/wp-json\/wp\/v2\/pages\/11\/revisions\/1726"}],"wp:attachment":[{"href":"https:\/\/saludmovil.go.cr\/index.php\/wp-json\/wp\/v2\/media?parent=11"}],"curies":[{"name":"wp","href":"https:\/\/api.w.org\/{rel}","templated":true}]}}