{"id":1076,"date":"2020-01-29T15:21:38","date_gmt":"2020-01-29T15:21:38","guid":{"rendered":"https:\/\/saludmovil.go.cr\/\/?page_id=1076"},"modified":"2020-01-29T15:28:10","modified_gmt":"2020-01-29T15:28:10","slug":"politicas-de-privacidad","status":"publish","type":"page","link":"https:\/\/saludmovil.go.cr\/index.php\/politicas-de-privacidad\/","title":{"rendered":"Pol\u00edticas de Privacidad"},"content":{"rendered":"\n<style>\n.co-page-banner-section{display:none!important;}\n#pdp{margin-top:5%;}\n<\/style>\n<div id=\"pdp\">\n\n\n\n<h2 class=\"wp-block-heading\">Pol\u00edticas de Privacidad para Aplicaciones\nde Facebook<\/h2>\n\n\n\n<p><a href=\"https:\/\/www.facebook.com\/notes\/iiasa-ecuador\/pol%C3%ADticas-de-privacidad-para-aplicaciones-de-facebook\/527535637286171\/\">10 de diciembre de 2019 a las 14:00<\/a><\/p>\n\n\n\n<p>Nosotros \u201cDejar de Fumar\u201d en Facebook\nrespetamos su privacidad y valoramos la relaci\u00f3n que tenemos con usted. El uso\nde esta aplicaci\u00f3n est\u00e1 sujeta a esta Pol\u00edtica de Privacidad. El uso de\nFacebook en general y su relaci\u00f3n con Facebook est\u00e1n sujetas a la propia\npol\u00edtica de privacidad y otros t\u00e9rminos de Facebook y pol\u00edticas que Dejar de Fumar\nno controla. Esta pol\u00edtica de privacidad describe que Dejar de Fumar puede\nutilizar la informaci\u00f3n que obtenemos con esta aplicaci\u00f3n en Facebook y con\nqui\u00e9n podemos compartirla.<\/p>\n\n\n\n<p><strong>La\ninformaci\u00f3n que recopilamos<\/strong><\/p>\n\n\n\n<p>Con esta solicitud, podemos recoger dos\ntipos de informaci\u00f3n personal:<\/p>\n\n\n\n<p><strong>1.&nbsp;&nbsp;&nbsp;&nbsp;&nbsp;\nInformaci\u00f3n que recibimos de Facebook. &#8211;&nbsp;<\/strong>La informaci\u00f3n y el contenido que recibimos de Facebook es proporcionada\npor usted.<\/p>\n\n\n\n<p><strong>2.&nbsp;&nbsp;&nbsp;&nbsp;&nbsp;\nInformaci\u00f3n Independiente. &#8211;&nbsp;<\/strong>La informaci\u00f3n y el contenido que se provea directamente a nosotros a\ntrav\u00e9s de un formulario en esta aplicaci\u00f3n.<\/p>\n\n\n\n<p><strong>La\nInformaci\u00f3n que recibimos de Facebook<\/strong>&nbsp;<\/p>\n\n\n\n<p>Cuando usted visite la aplicaci\u00f3n, se puede\nrecoger toda la informaci\u00f3n que incluye su nombre, g\u00e9nero, ciudad actual y edad.\nUtilizamos esta informaci\u00f3n para enviar mensajes informativos de forma\nautom\u00e1tica a trav\u00e9s de una plataforma independiente, pero utilizando Messenger\ncomo medio de comunicaci\u00f3n principal. Todo esto con la aprobaci\u00f3n previa del\nusuario. <\/p>\n\n\n\n<p><strong>Informaci\u00f3n\nIndependiente<\/strong><\/p>\n\n\n\n<p><strong>La aplicaci\u00f3n puede pedirle que\nproporcione cierta informaci\u00f3n de forma expl\u00edcita a nosotros, como datos\nrespecto a sus h\u00e1bitos de consumo de tabaco o vapeo. Por lo general, utilizamos\nla informaci\u00f3n independiente para poder realizar un registro y as\u00ed, brindarle\nuna ayuda personalizada en caso de que necesite o quiera dejar dichos h\u00e1bitos.\nComo tambi\u00e9n nos podemos dirigir a usted para comunicarle sobre eventos\nimportantes o campa\u00f1as por su participaci\u00f3n en la aplicaci\u00f3n relacionadas a\nDejar de Fumar.&nbsp; <\/strong><\/p>\n\n\n\n<p><strong>Esta aplicaci\u00f3n es propiedad del\nMinisterio de Salud de Costa Rica (En adelante MS).&nbsp; Todos los derechos de propiedad intelectual\nde los contenidos de esta aplicaci\u00f3n se reservan al MS y en ning\u00fan caso el\nacceso a esta implica dimisi\u00f3n alguna por parte del MS en dichos derechos a\nfavor del usuario.<\/strong><\/p>\n\n\n\n<p><strong>\u00bfC\u00f3mo\ncomunicarse con nosotros?<\/strong><\/p>\n\n\n\n<p>Si posee alguna pregunta o comentario\nacerca de este aviso de privacidad, por favor cont\u00e1ctese con nosotros por\ncorreo electr\u00f3nico a&nbsp;<a href=\"mailto:comision.msalud@misalud.go.cr\">comision.msalud@misalud.go.cr<\/a><\/p>\n\n\n\n<\/div>\n","protected":false},"excerpt":{"rendered":"<p>Pol\u00edticas de Privacidad para Aplicaciones de Facebook 10 de diciembre de 2019 a las 14:00 Nosotros \u201cDejar de Fumar\u201d en Facebook respetamos su privacidad y valoramos la relaci\u00f3n que tenemos [&hellip;]<\/p>\n","protected":false},"author":2,"featured_media":0,"parent":0,"menu_order":0,"comment_status":"closed","ping_status":"closed","template":"","meta":{"footnotes":""},"_links":{"self":[{"href":"https:\/\/saludmovil.go.cr\/index.php\/wp-json\/wp\/v2\/pages\/1076"}],"collection":[{"href":"https:\/\/saludmovil.go.cr\/index.php\/wp-json\/wp\/v2\/pages"}],"about":[{"href":"https:\/\/saludmovil.go.cr\/index.php\/wp-json\/wp\/v2\/types\/page"}],"author":[{"embeddable":true,"href":"https:\/\/saludmovil.go.cr\/index.php\/wp-json\/wp\/v2\/users\/2"}],"replies":[{"embeddable":true,"href":"https:\/\/saludmovil.go.cr\/index.php\/wp-json\/wp\/v2\/comments?post=1076"}],"version-history":[{"count":5,"href":"https:\/\/saludmovil.go.cr\/index.php\/wp-json\/wp\/v2\/pages\/1076\/revisions"}],"predecessor-version":[{"id":1081,"href":"https:\/\/saludmovil.go.cr\/index.php\/wp-json\/wp\/v2\/pages\/1076\/revisions\/1081"}],"wp:attachment":[{"href":"https:\/\/saludmovil.go.cr\/index.php\/wp-json\/wp\/v2\/media?parent=1076"}],"curies":[{"name":"wp","href":"https:\/\/api.w.org\/{rel}","templated":true}]}}